{"id":4669,"date":"2016-06-02T17:02:39","date_gmt":"2016-06-02T15:02:39","guid":{"rendered":"http:\/\/buslead-ch.dev\/fr\/?page_id=4669"},"modified":"2017-02-13T14:36:43","modified_gmt":"2017-02-13T13:36:43","slug":"qui-sommes-nous","status":"publish","type":"page","link":"https:\/\/staging.buslead.ch\/fr\/qui-sommes-nous\/","title":{"rendered":"Qui sommes nous ?"},"content":{"rendered":"<h1>QUI SOMMES-NOUS ?<\/h1>\n<p><strong><span style=\"color: #90b200;\">Une \u00e9quipe exp\u00e9riment\u00e9e et novatrice \u00e0 votre service\u00a0!<\/span><\/strong><\/p>\n<p>Fort de plus de 10 ans d\u2019exp\u00e9rience dans l\u2019organisation de d\u00e9placements en autocar avec chauffeur, les dirigeants de NEOTRAVEL ont lanc\u00e9 la marque <strong><span style=\"color: #90b200;\">Buslead<\/span><\/strong> et le site Buslead.ch dans le but de faciliter la n\u00e9gociation de tous vos trajets en autocar ou en minibus au meilleur prix, ceci sans pour autant n\u00e9gliger la qualit\u00e9 de service.<\/p>\n<p> En effet pour assurer la qualit\u00e9 de vos diff\u00e9rents trajets, nous entretenons un large r\u00e9seau de partenaires de longue date ce qui nous permet d\u2019\u00eatre certains que le mat\u00e9riel utilis\u00e9 et que le travail fourni sont irr\u00e9prochables.<\/p>\n<p> Buslead et Buslead.ch sont des marques commerciales de NEOTRAVEL de comparaison de devis pour la location d\u2019autocar.<\/p>\n<p> En 2014, NEOTRAVEL s&#8217;est class\u00e9e <strong><span style=\"color: #90b200;\">57\u00e8me dans le palmar\u00e8s des jeunes entreprises d&#8217;avenir<\/span><\/strong> en France. Ce classement a \u00e9t\u00e9 r\u00e9alis\u00e9 par L&#8217;Express-L&#8217;Entreprise, EY et Ellisphere.<\/p>\n<p> Avec une pr\u00e9sence importante sur une majeure partie de l\u2019Europe, Buslead est d\u00e9sormais consid\u00e9r\u00e9 comme le <strong><span style=\"color: #90b200;\">Leader Europ\u00e9en<\/span><\/strong> pour l\u2019organisation de vos voyages en autocar !<\/p>\n","protected":false},"excerpt":{"rendered":"<p>QUI SOMMES-NOUS ? Une \u00e9quipe exp\u00e9riment\u00e9e et novatrice \u00e0 votre service\u00a0! Fort de plus de 10 ans d\u2019exp\u00e9rience dans l\u2019organisation de d\u00e9placements en autocar avec chauffeur, les dirigeants de NEOTRAVEL ont lanc\u00e9 la marque Buslead et le site Buslead.ch dans le but de faciliter la n\u00e9gociation de tous vos trajets en autocar ou en minibus &hellip; <a href=\"https:\/\/staging.buslead.ch\/fr\/qui-sommes-nous\/\" class=\"more-link\">Continue reading <span class=\"screen-reader-text\">Qui sommes nous ?<\/span><\/a><\/p>\n","protected":false},"author":1,"featured_media":0,"parent":0,"menu_order":0,"comment_status":"closed","ping_status":"closed","template":"","meta":{"footnotes":""},"class_list":["post-4669","page","type-page","status-publish","hentry"],"aioseo_notices":[],"_links":{"self":[{"href":"https:\/\/staging.buslead.ch\/fr\/wp-json\/wp\/v2\/pages\/4669","targetHints":{"allow":["GET"]}}],"collection":[{"href":"https:\/\/staging.buslead.ch\/fr\/wp-json\/wp\/v2\/pages"}],"about":[{"href":"https:\/\/staging.buslead.ch\/fr\/wp-json\/wp\/v2\/types\/page"}],"author":[{"embeddable":true,"href":"https:\/\/staging.buslead.ch\/fr\/wp-json\/wp\/v2\/users\/1"}],"replies":[{"embeddable":true,"href":"https:\/\/staging.buslead.ch\/fr\/wp-json\/wp\/v2\/comments?post=4669"}],"version-history":[{"count":3,"href":"https:\/\/staging.buslead.ch\/fr\/wp-json\/wp\/v2\/pages\/4669\/revisions"}],"predecessor-version":[{"id":23439,"href":"https:\/\/staging.buslead.ch\/fr\/wp-json\/wp\/v2\/pages\/4669\/revisions\/23439"}],"wp:attachment":[{"href":"https:\/\/staging.buslead.ch\/fr\/wp-json\/wp\/v2\/media?parent=4669"}],"curies":[{"name":"wp","href":"https:\/\/api.w.org\/{rel}","templated":true}]}}