{"id":4667,"date":"2016-06-02T17:02:24","date_gmt":"2016-06-02T15:02:24","guid":{"rendered":"http:\/\/buslead-ch.dev\/fr\/?page_id=4667"},"modified":"2017-08-14T11:18:31","modified_gmt":"2017-08-14T09:18:31","slug":"pourquoi-travailler-avec-buslead","status":"publish","type":"page","link":"https:\/\/staging.buslead.ch\/fr\/pourquoi-travailler-avec-buslead\/","title":{"rendered":"Pourquoi travailler avec Buslead ?"},"content":{"rendered":"<h1>Pourquoi travailler avec Buslead\u00a0?<\/h1>\n<p>En tant que professionnel du transport de voyageur vous \u00eates r\u00e9guli\u00e8rement \u00e0 la recherche de nouveaux clients afin d\u2019augmenter votre chiffre d\u2019affaire.\u00a0<\/p>\n<p>C\u2019est l\u00e0 que l\u2019expertise de <strong><span style=\"color: #90b200;\">Buslead<\/span><\/strong> intervient. En effet chaque jour ce sont plusieurs centaines de demandes de devis qui sont effectu\u00e9es via notre r\u00e9seau.<\/p>\n<p><strong><span style=\"color: #90b200;\">Comment \u00e7a marche\u00a0?<\/span><\/strong><br \/>\n &#8211; Consultez les trajets\u00a0: Recevez les demandes de transport qui vous concernent dans votre zone de prise en charge.<br \/>\n &#8211; Envoyez des offres\u00a0: S\u00e9lectionnez les trajets qui vous int\u00e9ressent et envoyez vos devis directement aux prospects.<br \/>\n &#8211; Remportez des r\u00e9servations\u00a0: Vous traitez en direct avec les clients. S\u00e9duisez les avec des offres attractives.<\/p>\n<hr \/>\n<h2>\u00a0<\/h2>\n<h2>Les avantages<\/h2>\n<p><span style=\"color: #90b200;\"><strong>Augmentez votre chiffre d&#8217;affaires<\/strong><\/span><br \/>\n Diversifiez votre client\u00e8le en s\u00e9duisant un grand nombre de clients potentiels en participant aux appels d&#8217;offres publi\u00e9es sur Buslead (particuliers, associations, entreprises, agences de voyages et d&#8217;\u00e9v\u00e9nementiel, collectivit\u00e9s&#8230;)<\/p>\n<p><strong><span style=\"color: #90b200;\">Optimisez votre planning<\/span><\/strong><br \/>\n Augmentez la rentabilit\u00e9 de votre entreprise en optimisant intelligemment votre planning. R\u00e9duisez vos retours \u00e0 vide ou vos cr\u00e9neaux vides en envoyant des offres attractives, pour augmenter vos chances de remporter des r\u00e9servations. Construisez une strat\u00e9gie d&#8217;optimisation en r\u00e9pondant aux trajets correspondants \u00e0 vos p\u00e9riodes creuses.<\/p>\n<p><span style=\"color: #90b200;\"><strong>Libert\u00e9 &amp; Neutralit\u00e9<\/strong><\/span><br \/>\n Libert\u00e9 : envoyez vos offres uniquement sur les trajets qui vous int\u00e9ressent.<br \/>\n Neutralit\u00e9 : c&#8217;est le voyageur (prospect) qui choisit l&#8217;offre qu&#8217;il souhaite r\u00e9server.<\/p>\n<p><span style=\"color: #90b200; font-size: 18pt;\"><strong>Qu&#8217;attendez-vous ? Inscrivez-vous gratuitement sur\u00a0<\/strong><\/span><strong><span style=\"color: #90b200; font-size: 18pt;\">pro.buslead.com<\/span><\/strong><\/p>\n","protected":false},"excerpt":{"rendered":"<p>Pourquoi travailler avec Buslead\u00a0? En tant que professionnel du transport de voyageur vous \u00eates r\u00e9guli\u00e8rement \u00e0 la recherche de nouveaux clients afin d\u2019augmenter votre chiffre d\u2019affaire.\u00a0 C\u2019est l\u00e0 que l\u2019expertise de Buslead intervient. En effet chaque jour ce sont plusieurs centaines de demandes de devis qui sont effectu\u00e9es via notre r\u00e9seau. Comment \u00e7a marche\u00a0? &#8211; &hellip; <a href=\"https:\/\/staging.buslead.ch\/fr\/pourquoi-travailler-avec-buslead\/\" class=\"more-link\">Continue reading <span class=\"screen-reader-text\">Pourquoi travailler avec Buslead ?<\/span><\/a><\/p>\n","protected":false},"author":1,"featured_media":0,"parent":0,"menu_order":0,"comment_status":"closed","ping_status":"closed","template":"","meta":{"footnotes":""},"class_list":["post-4667","page","type-page","status-publish","hentry"],"aioseo_notices":[],"_links":{"self":[{"href":"https:\/\/staging.buslead.ch\/fr\/wp-json\/wp\/v2\/pages\/4667","targetHints":{"allow":["GET"]}}],"collection":[{"href":"https:\/\/staging.buslead.ch\/fr\/wp-json\/wp\/v2\/pages"}],"about":[{"href":"https:\/\/staging.buslead.ch\/fr\/wp-json\/wp\/v2\/types\/page"}],"author":[{"embeddable":true,"href":"https:\/\/staging.buslead.ch\/fr\/wp-json\/wp\/v2\/users\/1"}],"replies":[{"embeddable":true,"href":"https:\/\/staging.buslead.ch\/fr\/wp-json\/wp\/v2\/comments?post=4667"}],"version-history":[{"count":2,"href":"https:\/\/staging.buslead.ch\/fr\/wp-json\/wp\/v2\/pages\/4667\/revisions"}],"predecessor-version":[{"id":23441,"href":"https:\/\/staging.buslead.ch\/fr\/wp-json\/wp\/v2\/pages\/4667\/revisions\/23441"}],"wp:attachment":[{"href":"https:\/\/staging.buslead.ch\/fr\/wp-json\/wp\/v2\/media?parent=4667"}],"curies":[{"name":"wp","href":"https:\/\/api.w.org\/{rel}","templated":true}]}}