{"id":23423,"date":"2016-12-14T16:08:50","date_gmt":"2016-12-14T15:08:50","guid":{"rendered":"https:\/\/staging.buslead.ch\/fr\/?page_id=23423"},"modified":"2016-12-30T15:41:49","modified_gmt":"2016-12-30T14:41:49","slug":"contactez-nous","status":"publish","type":"page","link":"https:\/\/staging.buslead.ch\/fr\/contactez-nous\/","title":{"rendered":"Contactez-nous"},"content":{"rendered":"<h1 style=\"text-align: left;\">Contactez\u00a0nous !<\/h1>\n<p style=\"text-align: left;\">Envie de dire bonjour, de faire une demande de partenariat, de poser une question, de nous signaler un probl\u00e8me technique ? Laissez nous votre message via le formulaire ci-dessous.<\/p>\n<p style=\"text-align: left;\"><strong><span style=\"color: #ff0000;\">\u00c0\u00a0lire avant de nous envoyer un message\u00a0<\/span>:\u00a0merci de ne pas utiliser ce formulaire\u00a0pour vos demandes de prix et de trajets.<\/strong><\/p>\n\n<div class=\"wpcf7 no-js\" id=\"wpcf7-f23422-o1\" lang=\"fr-FR\" dir=\"ltr\" data-wpcf7-id=\"23422\">\n<div class=\"screen-reader-response\"><p role=\"status\" aria-live=\"polite\" aria-atomic=\"true\"><\/p> <ul><\/ul><\/div>\n<form action=\"\/fr\/wp-json\/wp\/v2\/pages\/23423#wpcf7-f23422-o1\" method=\"post\" class=\"wpcf7-form init cf7-style cf7-style-23425\" aria-label=\"Formulaire de contact\" novalidate=\"novalidate\" data-status=\"init\">\n<fieldset class=\"hidden-fields-container\"><input type=\"hidden\" name=\"_wpcf7\" value=\"23422\" \/><input type=\"hidden\" name=\"_wpcf7_version\" value=\"6.1.1\" \/><input type=\"hidden\" name=\"_wpcf7_locale\" value=\"fr_FR\" \/><input type=\"hidden\" name=\"_wpcf7_unit_tag\" value=\"wpcf7-f23422-o1\" \/><input type=\"hidden\" name=\"_wpcf7_container_post\" value=\"0\" \/><input type=\"hidden\" name=\"_wpcf7_posted_data_hash\" value=\"\" \/><input type=\"hidden\" name=\"_wpcf7_recaptcha_response\" value=\"\" \/>\n<\/fieldset>\n<p><span class=\"wpcf7-form-control-wrap\" data-name=\"last-name\"><input size=\"40\" maxlength=\"400\" class=\"wpcf7-form-control wpcf7-text wpcf7-validates-as-required\" aria-required=\"true\" aria-invalid=\"false\" placeholder=\"Votre Nom\" value=\"\" type=\"text\" name=\"last-name\" \/><\/span>\n<\/p>\n<p><span class=\"wpcf7-form-control-wrap\" data-name=\"first-name\"><input size=\"40\" maxlength=\"400\" class=\"wpcf7-form-control wpcf7-text wpcf7-validates-as-required\" aria-required=\"true\" aria-invalid=\"false\" placeholder=\"Votre Pr\u00e9nom\" value=\"\" type=\"text\" name=\"first-name\" \/><\/span>\n<\/p>\n<p><span class=\"wpcf7-form-control-wrap\" data-name=\"phone-number\"><input size=\"40\" maxlength=\"400\" class=\"wpcf7-form-control wpcf7-text\" aria-invalid=\"false\" placeholder=\"Votre T\u00e9l\u00e9phone\" value=\"\" type=\"text\" name=\"phone-number\" \/><\/span>\n<\/p>\n<p><span class=\"wpcf7-form-control-wrap\" data-name=\"email-user\"><input size=\"40\" maxlength=\"400\" class=\"wpcf7-form-control wpcf7-email wpcf7-validates-as-required wpcf7-text wpcf7-validates-as-email\" aria-required=\"true\" aria-invalid=\"false\" placeholder=\"Votre Email\" value=\"\" type=\"email\" name=\"email-user\" \/><\/span>\n<\/p>\n<p><strong><a href=\"\/fr\/\" title=\"Demande de devis\"> Si vous souhaitez faire une demande de devis CLIQUEZ ICI<\/a><\/strong>\n<\/p>\n<p><span class=\"wpcf7-form-control-wrap\" data-name=\"message-user\"><textarea cols=\"40\" rows=\"10\" maxlength=\"2000\" class=\"wpcf7-form-control wpcf7-textarea wpcf7-validates-as-required\" aria-required=\"true\" aria-invalid=\"false\" placeholder=\"Laissez nous votre message ici. Pour toute demande de devis utilisez le formulaire d\u00e9di\u00e9 \u00e0 cet usage en cliquant sur le lien ci-dessus.\" name=\"message-user\"><\/textarea><\/span>\n<\/p>\n<p>\n\n<\/p>\n<p><input class=\"wpcf7-form-control wpcf7-submit has-spinner\" type=\"submit\" value=\"ENVOYER\" \/>\n<\/p><div class=\"wpcf7-response-output\" aria-hidden=\"true\"><\/div>\n<\/form>\n<\/div>\n\n","protected":false},"excerpt":{"rendered":"<p>Contactez\u00a0nous ! Envie de dire bonjour, de faire une demande de partenariat, de poser une question, de nous signaler un probl\u00e8me technique ? Laissez nous votre message via le formulaire ci-dessous. \u00c0\u00a0lire avant de nous envoyer un message\u00a0:\u00a0merci de ne pas utiliser ce formulaire\u00a0pour vos demandes de prix et de trajets.<\/p>\n","protected":false},"author":1,"featured_media":0,"parent":0,"menu_order":0,"comment_status":"closed","ping_status":"closed","template":"","meta":{"footnotes":""},"class_list":["post-23423","page","type-page","status-publish","hentry"],"aioseo_notices":[],"_links":{"self":[{"href":"https:\/\/staging.buslead.ch\/fr\/wp-json\/wp\/v2\/pages\/23423","targetHints":{"allow":["GET"]}}],"collection":[{"href":"https:\/\/staging.buslead.ch\/fr\/wp-json\/wp\/v2\/pages"}],"about":[{"href":"https:\/\/staging.buslead.ch\/fr\/wp-json\/wp\/v2\/types\/page"}],"author":[{"embeddable":true,"href":"https:\/\/staging.buslead.ch\/fr\/wp-json\/wp\/v2\/users\/1"}],"replies":[{"embeddable":true,"href":"https:\/\/staging.buslead.ch\/fr\/wp-json\/wp\/v2\/comments?post=23423"}],"version-history":[{"count":5,"href":"https:\/\/staging.buslead.ch\/fr\/wp-json\/wp\/v2\/pages\/23423\/revisions"}],"predecessor-version":[{"id":23436,"href":"https:\/\/staging.buslead.ch\/fr\/wp-json\/wp\/v2\/pages\/23423\/revisions\/23436"}],"wp:attachment":[{"href":"https:\/\/staging.buslead.ch\/fr\/wp-json\/wp\/v2\/media?parent=23423"}],"curies":[{"name":"wp","href":"https:\/\/api.w.org\/{rel}","templated":true}]}}